{"id":6,"date":"2024-04-29T16:36:01","date_gmt":"2024-04-29T21:36:01","guid":{"rendered":"http:\/\/roofprobuilders.com\/about\/"},"modified":"2024-06-23T14:55:10","modified_gmt":"2024-06-23T19:55:10","slug":"about","status":"publish","type":"page","link":"https:\/\/roofprobuilders.com\/es\/about\/","title":{"rendered":"Nosotros"},"content":{"rendered":"<div class=\"wp-block-uagb-container uagb-block-04545503 alignfull uagb-is-root-container\"><div class=\"uagb-container-inner-blocks-wrap\">\n<div class=\"wp-block-uagb-advanced-heading uagb-block-58d792da\"><h1 class=\"uagb-heading-text\">Who Are we?<\/h1><\/div>\n<\/div><\/div>\n\n\n\n<div class=\"wp-block-uagb-container uagb-block-c07c1ca2 alignfull uagb-is-root-container\"><div class=\"uagb-container-inner-blocks-wrap\">\n<div class=\"wp-block-uagb-container uagb-block-56ceaf47\">\n<div class=\"wp-block-uagb-advanced-heading uagb-block-bcf3190f\"><h2 class=\"uagb-heading-text\">Nuestra Misi\u00f3n<\/h2><div class=\"uagb-separator\"><\/div><p class=\"uagb-desc-text\">Es ofrecer constantemente soluciones excepcionales para techos con confiabilidad, integridad y profesionalismo inquebrantables. Nos esforzamos por ser la opci\u00f3n confiable para propietarios de viviendas y empresas en todo Estados Unidos, ofreciendo servicios de techado duraderos e innovadores que resisten el paso del tiempo. <\/p><\/div>\n\n\n\n<div class=\"wp-block-uagb-advanced-heading uagb-block-c088bd36\"><p class=\"uagb-desc-text\">A trav\u00e9s de nuestro firme compromiso con la calidad artesanal, la satisfacci\u00f3n del cliente y la responsabilidad ambiental, nuestro objetivo es brindar tranquilidad y salvaguardar las propiedades para las generaciones venideras\u201d.<\/p><\/div>\n<\/div>\n\n\n\n<div class=\"wp-block-uagb-container uagb-block-3864985c\">\n<div class=\"wp-block-uagb-image uagb-block-c2362fda wp-block-uagb-image--layout-default wp-block-uagb-image--effect-static wp-block-uagb-image--align-none\"><figure class=\"wp-block-uagb-image__figure\"><img decoding=\"async\" srcset=\"https:\/\/roofprobuilders.com\/wp-content\/uploads\/2024\/05\/WhatsApp-Image-2024-04-25-at-6.44.57-PM-3-1024x768.jpeg ,https:\/\/roofprobuilders.com\/wp-content\/uploads\/2024\/05\/WhatsApp-Image-2024-04-25-at-6.44.57-PM-3.jpeg 780w, https:\/\/roofprobuilders.com\/wp-content\/uploads\/2024\/05\/WhatsApp-Image-2024-04-25-at-6.44.57-PM-3.jpeg 360w\" sizes=\"(max-width: 480px) 150px\" src=\"https:\/\/roofprobuilders.com\/wp-content\/uploads\/2024\/05\/WhatsApp-Image-2024-04-25-at-6.44.57-PM-3-1024x768.jpeg\" alt=\"\" class=\"uag-image-529\" width=\"1024\" height=\"768\" title=\"WhatsApp Image 2024-04-25 at 6.44.57 PM (3)\" loading=\"lazy\" role=\"img\"\/><\/figure><\/div>\n<\/div>\n<\/div><\/div>\n\n\n\n<div class=\"wp-block-uagb-container uagb-block-ada1b635 alignfull uagb-is-root-container\"><div class=\"uagb-container-inner-blocks-wrap\">\n<div class=\"wp-block-uagb-container uagb-block-acb9b5c9\">\n<div class=\"wp-block-uagb-advanced-heading uagb-block-85aae344\"><h4 class=\"uagb-heading-text\">Nuestra Visi\u00f3n<\/h4><div class=\"uagb-separator\"><\/div><p class=\"uagb-desc-text\">\u201cPara 2024, nuestra visi\u00f3n es establecer a RoofPro Builders como el principal proveedor de techos en Texas, reconocido por nuestro compromiso inquebrantable con la calidad, la integridad y la satisfacci\u00f3n del cliente. Nos esforzamos por estar a la vanguardia de la innovaci\u00f3n, brindando soluciones de techado de vanguardia que no solo protegen los hogares sino que tambi\u00e9n elevan a las comunidades.<br><br>Our vision is to build strong and lasting relationships with our customers, becoming their trusted partner in all their roofing needs. We aim to set new standards of excellence in the industry, continuously improving and adapting to meet the evolving needs of our clients in the ever-changing roofing industry.<\/p><\/div>\n<\/div>\n\n\n\n<div class=\"wp-block-uagb-container uagb-block-03a254f1\">\n<div class=\"wp-block-uagb-advanced-heading uagb-block-f897f70d\"><p class=\"uagb-desc-text\">En RoofPro Builders, imaginamos un futuro en el que todas las personas puedan confiar en nosotros para obtener una mano de obra de primer nivel, un servicio confiable y la tranquilidad de saber que sus techos est\u00e1n en las mejores manos. A trav\u00e9s de nuestra dedicaci\u00f3n al profesionalismo, la seguridad y la responsabilidad ambiental, aspiramos a dejar un legado positivo en cada comunidad a la que servimos.<\/p><\/div>\n\n\n\n<div class=\"wp-block-uagb-icon-list uagb-block-300b72ce\"><div class=\"uagb-icon-list__wrap\">\n<div class=\"wp-block-uagb-icon-list-child uagb-block-d455880d\"><a target=\"_self\" aria-label=\"Juntos, imaginamos alcanzar nuevas alturas, tanto en sentido figurado como literal, mientras continuamos elevando el list\u00f3n de la excelencia en techado&quot;.\" rel=\"noopener noreferrer\" href=\"#\"> <\/a><span class=\"uagb-icon-list__source-wrap\"><svg xmlns=\"https:\/\/www.w3.org\/2000\/svg\" viewbox=\"0 0 448 512\"><path d=\"M400 288h-352c-17.69 0-32-14.32-32-32.01s14.31-31.99 32-31.99h352c17.69 0 32 14.3 32 31.99S417.7 288 400 288z\"><\/path><\/svg><\/span><span class=\"uagb-icon-list__label\">Juntos, imaginamos alcanzar nuevas alturas, tanto en sentido figurado como literal, mientras continuamos elevando el list\u00f3n de la excelencia en techado\".<\/span><\/div>\n<\/div><\/div>\n<\/div>\n<\/div><\/div>","protected":false},"excerpt":{"rendered":"<p>Who Are we? Our Mission Is to consistently deliver exceptional roofing solutions with unwavering reliability, integrity, and professionalism. We strive to be the trusted choice for homeowners and businesses across the United States, offering durable and innovative roofing services that stand the test of time. Through our steadfast commitment to quality craftsmanship, customer satisfaction, and [&hellip;]<\/p>","protected":false},"author":1,"featured_media":0,"parent":0,"menu_order":0,"comment_status":"closed","ping_status":"closed","template":"","meta":{"_uag_custom_page_level_css":"","_monsterinsights_skip_tracking":false,"_monsterinsights_sitenote_active":false,"_monsterinsights_sitenote_note":"","_monsterinsights_sitenote_category":0,"site-sidebar-layout":"no-sidebar","site-content-layout":"plain-container","ast-site-content-layout":"normal-width-container","site-content-style":"unboxed","site-sidebar-style":"unboxed","ast-global-header-display":"","ast-banner-title-visibility":"","ast-main-header-display":"","ast-hfb-above-header-display":"","ast-hfb-below-header-display":"","ast-hfb-mobile-header-display":"","site-post-title":"disabled","ast-breadcrumbs-content":"","ast-featured-img":"disabled","footer-sml-layout":"","ast-disable-related-posts":"","theme-transparent-header-meta":"enabled","adv-header-id-meta":"","stick-header-meta":"","header-above-stick-meta":"","header-main-stick-meta":"","header-below-stick-meta":"","astra-migrate-meta-layouts":"set","ast-page-background-enabled":"default","ast-page-background-meta":{"desktop":{"background-color":"","background-image":"","background-repeat":"repeat","background-position":"center center","background-size":"auto","background-attachment":"scroll","background-type":"","background-media":"","overlay-type":"","overlay-color":"","overlay-opacity":"","overlay-gradient":""},"tablet":{"background-color":"","background-image":"","background-repeat":"repeat","background-position":"center center","background-size":"auto","background-attachment":"scroll","background-type":"","background-media":"","overlay-type":"","overlay-color":"","overlay-opacity":"","overlay-gradient":""},"mobile":{"background-color":"","background-image":"","background-repeat":"repeat","background-position":"center center","background-size":"auto","background-attachment":"scroll","background-type":"","background-media":"","overlay-type":"","overlay-color":"","overlay-opacity":"","overlay-gradient":""}},"ast-content-background-meta":{"desktop":{"background-color":"var(--ast-global-color-5)","background-image":"","background-repeat":"repeat","background-position":"center center","background-size":"auto","background-attachment":"scroll","background-type":"","background-media":"","overlay-type":"","overlay-color":"","overlay-opacity":"","overlay-gradient":""},"tablet":{"background-color":"var(--ast-global-color-5)","background-image":"","background-repeat":"repeat","background-position":"center center","background-size":"auto","background-attachment":"scroll","background-type":"","background-media":"","overlay-type":"","overlay-color":"","overlay-opacity":"","overlay-gradient":""},"mobile":{"background-color":"var(--ast-global-color-5)","background-image":"","background-repeat":"repeat","background-position":"center center","background-size":"auto","background-attachment":"scroll","background-type":"","background-media":"","overlay-type":"","overlay-color":"","overlay-opacity":"","overlay-gradient":""}},"footnotes":""},"aioseo_notices":[],"uagb_featured_image_src":{"full":false,"thumbnail":false,"medium":false,"medium_large":false,"large":false,"1536x1536":false,"2048x2048":false,"trp-custom-language-flag":false},"uagb_author_info":{"display_name":"roofprobuilders.com","author_link":"https:\/\/roofprobuilders.com\/es\/author\/roofprobuilders-com\/"},"uagb_comment_info":0,"uagb_excerpt":"Who Are we? Our Mission Is to consistently deliver exceptional roofing solutions with unwavering reliability, integrity, and professionalism. We strive to be the trusted choice for homeowners and businesses across the United States, offering durable and innovative roofing services that stand the test of time. Through our steadfast commitment to quality craftsmanship, customer satisfaction, and&hellip;","_links":{"self":[{"href":"https:\/\/roofprobuilders.com\/es\/wp-json\/wp\/v2\/pages\/6"}],"collection":[{"href":"https:\/\/roofprobuilders.com\/es\/wp-json\/wp\/v2\/pages"}],"about":[{"href":"https:\/\/roofprobuilders.com\/es\/wp-json\/wp\/v2\/types\/page"}],"author":[{"embeddable":true,"href":"https:\/\/roofprobuilders.com\/es\/wp-json\/wp\/v2\/users\/1"}],"replies":[{"embeddable":true,"href":"https:\/\/roofprobuilders.com\/es\/wp-json\/wp\/v2\/comments?post=6"}],"version-history":[{"count":15,"href":"https:\/\/roofprobuilders.com\/es\/wp-json\/wp\/v2\/pages\/6\/revisions"}],"predecessor-version":[{"id":740,"href":"https:\/\/roofprobuilders.com\/es\/wp-json\/wp\/v2\/pages\/6\/revisions\/740"}],"wp:attachment":[{"href":"https:\/\/roofprobuilders.com\/es\/wp-json\/wp\/v2\/media?parent=6"}],"curies":[{"name":"wp","href":"https:\/\/api.w.org\/{rel}","templated":true}]}}