{"id":8,"date":"2024-04-29T16:36:01","date_gmt":"2024-04-29T21:36:01","guid":{"rendered":"http:\/\/roofprobuilders.com\/services\/"},"modified":"2024-06-23T14:57:08","modified_gmt":"2024-06-23T19:57:08","slug":"services","status":"publish","type":"page","link":"https:\/\/roofprobuilders.com\/es\/services\/","title":{"rendered":"Servicios"},"content":{"rendered":"<div class=\"wp-block-uagb-container uagb-block-fe71931f alignfull uagb-is-root-container\"><div class=\"uagb-container-inner-blocks-wrap\">\n<div class=\"wp-block-uagb-advanced-heading uagb-block-92239a8e\"><h1 class=\"uagb-heading-text\">Servicios<\/h1><\/div>\n<\/div><\/div>\n\n\n\n<div class=\"wp-block-uagb-container uagb-block-4a87feac alignfull uagb-is-root-container\"><div class=\"uagb-container-inner-blocks-wrap\">\n<div class=\"wp-block-uagb-advanced-heading uagb-block-cf92bcab\"><h2 class=\"uagb-heading-text\">ES TIEMPO DE EMPEZAR TU CAMBIO DE TECHO DE CALIDAD<\/h2><div class=\"uagb-separator\"><\/div><\/div>\n\n\n\n<div class=\"wp-block-uagb-container uagb-block-d65a08d3\">\n<div class=\"wp-block-uagb-container uagb-block-c1588b44\">\n<div class=\"wp-block-uagb-info-box uagb-block-5408ebdb uagb-infobox__content-wrap  uagb-infobox-icon-above-title uagb-infobox-image-valign-top\"><div class=\"uagb-ifb-content\"><div class=\"uagb-ifb-image-content\"><img decoding=\"async\" src=\"https:\/\/roofprobuilders.com\/wp-content\/uploads\/2024\/05\/foto-full-roof-replacement-.jpeg\" alt=\"\" width=\"1200\" height=\"1600\" loading=\"lazy\"\/><\/div><div class=\"uagb-ifb-title-wrap\"><h5 class=\"uagb-ifb-title\">REEMPLAZO COMPLETO DEL TECHO<\/h5><\/div><p class=\"uagb-ifb-desc\">Brindamos servicios completos de reemplazo de techo cuando es necesario debido a la edad, da\u00f1os graves o la preferencia del cliente por un nuevo estilo de techo.<\/p><\/div><\/div>\n<\/div>\n\n\n\n<div class=\"wp-block-uagb-container uagb-block-5a9a64ab\">\n<div class=\"wp-block-uagb-info-box uagb-block-e9864580 uagb-infobox__content-wrap  uagb-infobox-icon-above-title uagb-infobox-image-valign-top\"><div class=\"uagb-ifb-content\"><div class=\"uagb-ifb-image-content\"><img decoding=\"async\" src=\"https:\/\/roofprobuilders.com\/wp-content\/uploads\/2024\/04\/WhatsApp-Image-2024-04-25-at-6.44.57-PM.jpeg\" alt=\"\" width=\"1200\" height=\"1600\" loading=\"lazy\"\/><\/div><div class=\"uagb-ifb-title-wrap\"><h5 class=\"uagb-ifb-title\"><strong>REPARACIONES DE TECHO Y LONA GRATIS<\/strong><\/h5><\/div><p class=\"uagb-ifb-desc\">Ofrecemos servicios de reparaci\u00f3n r\u00e1pidos y eficientes para techos da\u00f1ados por tormentas, goteras u otros problemas.<\/p><\/div><\/div>\n<\/div>\n<\/div>\n\n\n\n<div class=\"wp-block-uagb-container uagb-block-87470676\">\n<div class=\"wp-block-uagb-container uagb-block-56f2c564\">\n<div class=\"wp-block-uagb-info-box uagb-block-b8e07f0c uagb-infobox__content-wrap  uagb-infobox-icon-above-title uagb-infobox-image-valign-top\"><div class=\"uagb-ifb-content\"><div class=\"uagb-ifb-image-content\"><img decoding=\"async\" src=\"https:\/\/roofprobuilders.com\/wp-content\/uploads\/2024\/05\/foto-techo-danado-2.jpeg\" alt=\"\" width=\"750\" height=\"1000\" loading=\"lazy\"\/><\/div><div class=\"uagb-ifb-title-wrap\"><h5 class=\"uagb-ifb-title\"><strong>INSPECCIONES DE TECHO<\/strong><\/h5><\/div><p class=\"uagb-ifb-desc\">Realizamos inspecciones peri\u00f3dicas de techos para identificar problemas potenciales antes de que se conviertan en costosas emergencias.<\/p><\/div><\/div>\n<\/div>\n\n\n\n<div class=\"wp-block-uagb-container uagb-block-16c8ce3a\">\n<div class=\"wp-block-uagb-info-box uagb-block-4307eb95 uagb-infobox__content-wrap  uagb-infobox-icon-above-title uagb-infobox-image-valign-top\"><div class=\"uagb-ifb-content\"><div class=\"uagb-ifb-image-content\"><img decoding=\"async\" src=\"https:\/\/roofprobuilders.com\/wp-content\/uploads\/2024\/05\/WhatsApp-Image-2024-04-25-at-6.43.29-PM-5-1.jpeg\" alt=\"\" width=\"1200\" height=\"1600\" loading=\"lazy\"\/><\/div><div class=\"uagb-ifb-title-wrap\"><h5 class=\"uagb-ifb-title\"><strong>MANTENIMIENTO PREVENTIVO<\/strong><\/h5><\/div><p class=\"uagb-ifb-desc\">Ofrecemos programas de mantenimiento preventivo para prolongar la vida \u00fatil de los techos y prevenir problemas futuros.<\/p><\/div><\/div>\n<\/div>\n<\/div>\n\n\n\n<div class=\"wp-block-uagb-container uagb-block-09c06946\">\n<div class=\"wp-block-uagb-container uagb-block-49157295\">\n<div class=\"wp-block-uagb-info-box uagb-block-e9a5d103 uagb-infobox__content-wrap  uagb-infobox-icon-above-title uagb-infobox-image-valign-top\"><div class=\"uagb-ifb-content\"><div class=\"uagb-ifb-image-content\"><img decoding=\"async\" src=\"https:\/\/roofprobuilders.com\/wp-content\/uploads\/2024\/05\/middle-age-boss-employer-business-lifestyle-8461306.jpg\" alt=\"middle age, boss employer, business lifestyle-8461306.jpg\" width=\"1280\" height=\"1280\" loading=\"lazy\"\/><\/div><div class=\"uagb-ifb-title-wrap\"><h5 class=\"uagb-ifb-title\"><strong>EXPERTOS EN SEGUROS<\/strong><\/h5><\/div><p class=\"uagb-ifb-desc\">Ayudamos a los clientes en el proceso de reclamaciones de seguros en caso de da\u00f1os por tormentas u otros eventos cubiertos.<\/p><\/div><\/div>\n<\/div>\n\n\n\n<div class=\"wp-block-uagb-container uagb-block-e12d8189\">\n<div class=\"wp-block-uagb-info-box uagb-block-c63a1f26 uagb-infobox__content-wrap  uagb-infobox-icon-above-title uagb-infobox-image-valign-top\"><div class=\"uagb-ifb-content\"><div class=\"uagb-ifb-image-content\"><img decoding=\"async\" src=\"https:\/\/roofprobuilders.com\/wp-content\/uploads\/2024\/05\/pexels-ian-panelo-4567378-scaled.jpg\" alt=\"\" width=\"1600\" height=\"2400\" loading=\"lazy\"\/><\/div><div class=\"uagb-ifb-title-wrap\"><h5 class=\"uagb-ifb-title\"><strong><strong>REMODELACI\u00d3N Y CONSTRUCCI\u00d3N&nbsp;<\/strong><\/strong><\/h5><\/div><p class=\"uagb-ifb-desc\">Ofrecemos una variedad de soluciones y opciones de restauraci\u00f3n para su hogar.<\/p><\/div><\/div>\n<\/div>\n<\/div>\n<\/div><\/div>","protected":false},"excerpt":{"rendered":"<p>Services It&#8217;s Time to Start Your QUALITY ROOF CHANGE<\/p>","protected":false},"author":1,"featured_media":0,"parent":0,"menu_order":0,"comment_status":"closed","ping_status":"closed","template":"","meta":{"_uag_custom_page_level_css":"","_monsterinsights_skip_tracking":false,"_monsterinsights_sitenote_active":false,"_monsterinsights_sitenote_note":"","_monsterinsights_sitenote_category":0,"site-sidebar-layout":"no-sidebar","site-content-layout":"plain-container","ast-site-content-layout":"normal-width-container","site-content-style":"unboxed","site-sidebar-style":"unboxed","ast-global-header-display":"","ast-banner-title-visibility":"","ast-main-header-display":"","ast-hfb-above-header-display":"","ast-hfb-below-header-display":"","ast-hfb-mobile-header-display":"","site-post-title":"disabled","ast-breadcrumbs-content":"","ast-featured-img":"","footer-sml-layout":"","ast-disable-related-posts":"","theme-transparent-header-meta":"enabled","adv-header-id-meta":"","stick-header-meta":"","header-above-stick-meta":"","header-main-stick-meta":"","header-below-stick-meta":"","astra-migrate-meta-layouts":"set","ast-page-background-enabled":"default","ast-page-background-meta":{"desktop":{"background-color":"","background-image":"","background-repeat":"repeat","background-position":"center center","background-size":"auto","background-attachment":"scroll","background-type":"","background-media":"","overlay-type":"","overlay-color":"","overlay-opacity":"","overlay-gradient":""},"tablet":{"background-color":"","background-image":"","background-repeat":"repeat","background-position":"center center","background-size":"auto","background-attachment":"scroll","background-type":"","background-media":"","overlay-type":"","overlay-color":"","overlay-opacity":"","overlay-gradient":""},"mobile":{"background-color":"","background-image":"","background-repeat":"repeat","background-position":"center center","background-size":"auto","background-attachment":"scroll","background-type":"","background-media":"","overlay-type":"","overlay-color":"","overlay-opacity":"","overlay-gradient":""}},"ast-content-background-meta":{"desktop":{"background-color":"var(--ast-global-color-5)","background-image":"","background-repeat":"repeat","background-position":"center center","background-size":"auto","background-attachment":"scroll","background-type":"","background-media":"","overlay-type":"","overlay-color":"","overlay-opacity":"","overlay-gradient":""},"tablet":{"background-color":"var(--ast-global-color-5)","background-image":"","background-repeat":"repeat","background-position":"center center","background-size":"auto","background-attachment":"scroll","background-type":"","background-media":"","overlay-type":"","overlay-color":"","overlay-opacity":"","overlay-gradient":""},"mobile":{"background-color":"var(--ast-global-color-5)","background-image":"","background-repeat":"repeat","background-position":"center center","background-size":"auto","background-attachment":"scroll","background-type":"","background-media":"","overlay-type":"","overlay-color":"","overlay-opacity":"","overlay-gradient":""}},"footnotes":""},"aioseo_notices":[],"uagb_featured_image_src":{"full":false,"thumbnail":false,"medium":false,"medium_large":false,"large":false,"1536x1536":false,"2048x2048":false,"trp-custom-language-flag":false},"uagb_author_info":{"display_name":"roofprobuilders.com","author_link":"https:\/\/roofprobuilders.com\/es\/author\/roofprobuilders-com\/"},"uagb_comment_info":0,"uagb_excerpt":"Services It&#8217;s Time to Start Your QUALITY ROOF CHANGE","_links":{"self":[{"href":"https:\/\/roofprobuilders.com\/es\/wp-json\/wp\/v2\/pages\/8"}],"collection":[{"href":"https:\/\/roofprobuilders.com\/es\/wp-json\/wp\/v2\/pages"}],"about":[{"href":"https:\/\/roofprobuilders.com\/es\/wp-json\/wp\/v2\/types\/page"}],"author":[{"embeddable":true,"href":"https:\/\/roofprobuilders.com\/es\/wp-json\/wp\/v2\/users\/1"}],"replies":[{"embeddable":true,"href":"https:\/\/roofprobuilders.com\/es\/wp-json\/wp\/v2\/comments?post=8"}],"version-history":[{"count":13,"href":"https:\/\/roofprobuilders.com\/es\/wp-json\/wp\/v2\/pages\/8\/revisions"}],"predecessor-version":[{"id":703,"href":"https:\/\/roofprobuilders.com\/es\/wp-json\/wp\/v2\/pages\/8\/revisions\/703"}],"wp:attachment":[{"href":"https:\/\/roofprobuilders.com\/es\/wp-json\/wp\/v2\/media?parent=8"}],"curies":[{"name":"wp","href":"https:\/\/api.w.org\/{rel}","templated":true}]}}